{"id":5178,"date":"2023-01-20T12:35:36","date_gmt":"2023-01-20T12:35:36","guid":{"rendered":"https:\/\/www.emanuelhospice.org\/?page_id=5178"},"modified":"2024-09-27T13:30:31","modified_gmt":"2024-09-27T13:30:31","slug":"privacy-policy","status":"publish","type":"page","link":"https:\/\/www.emanuelhospice.org\/en\/privacy-policy\/","title":{"rendered":"Privacy policy"},"content":{"rendered":"\t\t<div data-elementor-type=\"wp-page\" data-elementor-id=\"5178\" class=\"elementor elementor-5178 elementor-3470\">\n\t\t\t\t\t\t<section class=\"elementor-section elementor-top-section elementor-element elementor-element-e884238 elementor-section-boxed elementor-section-height-default elementor-section-height-default\" data-id=\"e884238\" data-element_type=\"section\">\n\t\t\t\t\t\t<div class=\"elementor-container elementor-column-gap-default\">\n\t\t\t\t\t<div class=\"elementor-column elementor-col-100 elementor-top-column elementor-element elementor-element-05498d0\" data-id=\"05498d0\" data-element_type=\"column\">\n\t\t\t<div class=\"elementor-widget-wrap elementor-element-populated\">\n\t\t\t\t\t\t<div class=\"elementor-element elementor-element-8560126 elementor-widget elementor-widget-text-editor\" data-id=\"8560126\" data-element_type=\"widget\" data-widget_type=\"text-editor.default\">\n\t\t\t\t<div class=\"elementor-widget-container\">\n\t\t\t\t\t\t\t<div id=\"content\"><div id=\"post-12205\" class=\"post-12205 page type-page status-publish hentry\"><div class=\"post-content\"><p>Funda\u0163ia \u201eHospice Emanuel\u201d, cu sediul in Oradea str Redutei, nr. 1A, jud. Bihor, are grij\u0103 de intimitatea dumneavoastr\u0103 \u0219i dore\u0219te s\u0103 v\u0103 sim\u021bi\u021bi ap\u0103ra\u021bi pe platforma noastr\u0103. Documentul de mai jos, care con\u021bine explica\u021biile datelor pe care le colect\u0103m vine \u00een \u00eent\u00e2mpinarea acestor a\u0219tept\u0103ri. Mai jos ve\u021bi afla cum sunt colectate informa\u021bii, care anume \u0219i cum vor fi folosite de c\u0103tre noi. De asemenea, ve\u021bi \u0219ti s\u0103 v\u0103 ap\u0103ra\u021bi sau s\u0103 v\u0103 securiza\u021bi contul.<\/p><p>Aceast\u0103 politic\u0103 de confiden\u021bialitate se aplic\u0103 doar pe site-ul www.emanuelhospice.org.<br \/>Nu acoperim informa\u021biile colectate de site-urile ter\u021be, inclusiv cele partenere sau care au cump\u0103rat spa\u021biu de publicitate pe site-ul nostru.<\/p><p>Site-ul www.emanuelhospice.org con\u021bine \u0219i link-uri c\u0103tre alte site-uri. Dac\u0103 da\u021bi click pe un material de pe alt site promovat de noi, nu r\u0103spundem pentru set\u0103rile lor de intimitate. V\u0103 recomand\u0103m s\u0103 citi\u021bi politica lor de confiden\u021bialitate \u00een momentul c\u00e2nd citi\u021bi informa\u021bii de pe acestea.<\/p><p><strong>Prelucrarea datelor cu caracter personal<\/strong><\/p><p>Prelucr\u0103m datele Dvs. cu caracter personal exclusiv \u00een cadrul dispozi\u0163iilor legale cu privire la protec\u0163ia datelor cu caracter personal. Acestea sunt dispozi\u0163iile Legii nr. 677\/2001 \u0219i Regulamentul UE 679\/2016 pentru protec\u0163ia persoanelor cu privire la prelucrarea datelor cu caracter personal \u015fi libera circula\u0163ie a acestor date precum \u015fi dispozi\u0163iile Legii nr. 506\/2004 privind prelucrarea datelor cu caracter personal \u015fi protec\u0163ia vie\u0163ii private \u00een sectorul comunica\u0163iilor electronice.<br \/>Salaria\u0163ii \u015fi \u00eemputernici\u0163ii no\u015ftri au obliga\u0163ia de a respecta dispozi\u0163iile cu privire la protec\u0163ia datelor conform normelor legale.<\/p><p>\u00cen leg\u0103tur\u0103 cu toate solicit\u0103rile legate de datele dvs., de protec\u0163ia datelor \u00een cadrul Funda\u0163iei \u201eHospice Emanuel\u201d sau orice \u00eentrebare\/reclama\u021bie pot fi adresate c\u0103tre adresa de email: office@emanuelhospice.org.<\/p><p><strong>Scopul prelucr\u0103rii datelor \u00eel reprezint\u0103:<\/strong><\/p><p>Scopurile \u00een care sunt prelucrate datele cu caracter personal de c\u0103tre Funda\u0163ia \u201eHospice Emanuel\u201d sunt urm\u0103toarele:<\/p><p>Comunicare prin e-mail.<br \/>Putem folosi aceste informa\u021bii pe care ni le-a\u021bi oferit pentru a v\u0103 trimite comunic\u0103ri prin mesaje pe c\u0103su\u021ba po\u0219tal\u0103 electronic\u0103. Dac\u0103 v-a\u021bi \u00eenscris pentru unele dintre newsletterele noastre, v\u0103 vom trimite aceste inform\u0103ri pe adresa de mail comunicat\u0103. Temeiul juridic al prelucr\u0103rii este consim\u021b\u0103m\u00e2ntul dumneavoastr\u0103. V\u0103 pute\u021bi retrage abonarea de la newsletter oric\u00e2nd dori\u021bi.<\/p><p>Comunicare prin telefon\/sms<br \/>Putem folosi aceste informa\u021bii pe care ni le-a\u021bi oferit pentru a v\u0103 trimite comunic\u0103ri prin mesaje tip sms sau va putem cotacta telefonic.Temeiul juridic al prelucr\u0103rii este consim\u021b\u0103m\u00e2ntul dumneavoastr\u0103. V\u0103 pute\u021bi retrage acordul pentru acest tip de comunicare oric\u00e2nd dori\u021bi.<\/p><p>Publicitate.<br \/>Paginile noastre vor afi\u0219a reclame, multe dintre ele fiind influen\u021bate de op\u021biunile selectate de dumneavoastr\u0103 \u0219i de preferin\u021bele de pe site \u0219i de pe conturile conexe. De exemplu, folosind informa\u021biile colectate prin cookies, informa\u021biile demografice de pe site-urile ter\u021be \u0219i activitatea dumneavoastr\u0103 pe site, putem s\u0103 public\u0103m reclame care ar putea fi relevante preferin\u021belor dumneavoastr\u0103 (vezi Politica privind fi\u0219ierele cookies). Temeiul prelucr\u0103rii este interesul nostru legitim de a men\u021bine accesul gratuit la website-urile noastre dar f\u0103r\u0103 a ne afecta activitatea financiar\u0103.<\/p><p>Abonamente.<br \/>\u00cen scopul furniz\u0103rii serviciilor \u0219i efectu\u0103rii pl\u0103\u021bilor \u00een baza contractelor relevante (inclusiv a abonamentelor), v\u0103 putem prelucra datele cu caracter personal, cum ar fi datele de identificare, datele de contact, datele bancare. Aceast\u0103 prelucrare se bazeaz\u0103 pe executarea unui contract la care abona\u021bii sunt parte sau pe o obliga\u021bie legal\u0103 care ne este impus\u0103.<\/p><p>Analiz\u0103 statistic\u0103.<br \/>Avem interesul legitim de a \u00een\u021belege cum func\u021bioneaz\u0103 site-ul nostru, cum este citit \u0219i care ne este publicul. Pentru aceasta, agreg\u0103m datele din mai multe surse. Putem s\u0103 folosim aceste date pentru a \u00eembun\u0103t\u0103\u021bi anumite func\u021bionalit\u0103\u021bi, pentru a modifica sec\u021biunile sau pentru a v\u0103 oferi cele mai relevante informa\u021bii, \u00een cea mai bun\u0103 form\u0103 grafic\u0103 posibil\u0103.<\/p><p>Control al comportamentului.<br \/>Funda\u0163ia \u201eHospice Emanuel\u201d este o comunitate a dezbaterii civilizate. Putem s\u0103 folosim datele dumneavoastr\u0103 personale pentru a \u00eempiedica orice activitate ilegal\u0103, interzis\u0103 pe site sau care lezeaz\u0103 activitatea celorlal\u021bi pe site.<\/p><p>De asemenea, putem prelucra datele dumneavoastr\u0103 cu caracter personal, precum datele de identificare, datele de contact \u0219i adresa de re\u0219edin\u021b\u0103, \u00een scopul posibilei exercit\u0103ri a drepturilor sau a reclama\u021biilor noastre \u00eempotriva dumneavoastr\u0103 \u00een viitor. Aceast\u0103 prelucrare se bazeaz\u0103 pe interesul nostru legitim, fiind necesar s\u0103 ne exercit\u0103m drepturile \u00een cazul unor eventuale litigii.<\/p><p><strong>CARE SUNT DREPTURILE TALE?<\/strong><br \/>\u2022 Dreptul de retragere a consimtamantului;<br \/>In situatia in care prelucrarea se bazeaza pe consimtamant, iti poti retrage consimtamantul in orice moment si in mod gratuit prin transmiterea unui e-mail pe adresa office@emanuelhospice.org cu subiectul \u201eretragere consimtamant\u201d.<br \/>\u2022 Dreptul de a depune o plangere in fata unei autoritati de supraveghere;<br \/>\u2022 Dreptul de a te adresa justitiei;<br \/>\u2022 Dreptul de acces;<br \/>Ai dreptul de a obtine din partea noastra o confirmare ca se prelucreaza sau nu date cu caracter personal care te privesc si, in caz afirmativ, ai dreptul de acces la datele respective.<br \/>\u2022 Dreptul la rectificare;<br \/>Ai dreptul de a obtine de la noi, fara intarzieri nejustificate, rectificarea datelor cu caracter personal inexacte care te privesc. Tinandu-se seama de scopurile in care au fost prelucrate datele, ai dreptul de a obtine completarea datelor cu caracter personal care sunt incomplete, inclusiv prin furnizarea unei declaratii suplimentare.<br \/>\u2022 Dreptul la stergerea datelor (\u201edreptul de a fi uitat\u201d);<br \/>In situatiile in care datele nu mai sunt necesare pentru indeplinirea scopurilor, s-a retras consimtamantul si nu exista un alt temei juridic pentru prelucrare, te opui prelucrarii si nu exista motive legitime care sa prevaleze in ceea ce priveste prelucrarea sau datele cu caracter personal au fost prelucrate ilegal, ai dreptul de a obtine stergerea datelor care te privesc, fara intarzieri nejustificate.<br \/>\u2022 Dreptul la restrictionarea prelucrarii;<br \/>Ai dreptul de a obtine din partea noastra restrictionarea prelucrarii in cazul in care se aplica unul din urmatoarele cazuri:<br \/>(a) contesti exactitatea datelor, pentru o perioada care ne permite noua sa verificam exactitatea datelor;<br \/>(b) prelucrarea este ilegala, iar tu te opui stergerii datelor cu caracter personal, solicitand in schimb restrictionarea utilizarii lor;<br \/>(c) nu mai avem nevoie de datele cu caracter personal in scopul prelucrarii, dar tu ni le soliciti pentru constatarea, exercitarea sau apararea unui drept in instanta;<br \/>(d) te-ai opus prelucrarii in conformitate cu articolul 21 alineatul (1) din GDPR, pentru intervalul de timp in care se verifica daca drepturile noastre legitime prevaleaza asupra drepturilor tale.<br \/>\u2022 Dreptul la portabilitatea datelor<br \/>Ai dreptul de a primi datele cu caracter personal care te privesc si pe care ni le-ai furnizat intr-un format structurat, utilizat in mod curent si care poate fi citit automat si ai dreptul de a transmite aceste date altui operator, fara obstacole din partea noastra, in cazul in care:<br \/>(a) prelucrarea se bazeaza pe consimtamant in temeiul articolului 6 alineatul (1) litera (a) sau al articolului 9 alineatul (2) litera (a) din GDPR sau pe un contract in temeiul articolului 6 alineatul (1) litera (b) din GDPR; si<br \/>(b) prelucrarea este efectuata prin mijloace automate.<br \/>\u2022 Dreptul de a nu face obiectul unei decizii bazate exclusiv pe prelucrarea automata, inclusiv crearea de profiluri, care produce efecte juridice care te privesc sau te afecteaza in mod similar intr-o masura semnificativa<br \/>Nu ai acest drept in cazul in care decizia:<br \/>(a) este necesara pentru incheierea sau executarea unui contract intre tine si un operator de date;<br \/>(b) este autorizata prin dreptul Uniunii sau dreptul intern care se aplica operatorului si care prevede, de asemenea, masuri corespunzatoare pentru protejarea drepturilor, libertatilor si intereselor legitime ale persoanei vizate; sau<br \/>(c) are la baza consimtamantul tau explicit.<\/p><p><strong>CUM ITI EXERCITI DREPTURILE<\/strong><br \/>Pentru a-ti exercita drepturile legale, te rugam sa ne contactezi la adresa de e-mail office@emanuelhospice.org.<\/p><p><strong>Ce date sunt stocate Funda\u0163ia \u201eHospice Emanuel\u201d?<\/strong><\/p><p>Stocarea \u015fi prelucrarea de date care nu au caracter personal (anonime) \u00een scopuri interne legate de sistem \u015fi \u00een scopuri statistice<br \/>\u00cen cazul acces\u0103rii paginii noastre de internet browser-ul Dvs. de internet transmite automat date (de ex. data \u015fi ora acces\u0103rii, adresa URL a paginii de internet care face trimiterea, fi\u015fierul accesat, cantitatea datelor transmise, tipul \u015fi versiunea browser-ului, sistemul de operare, ) c\u0103tre serverul nostru, pe baza unor set\u0103ri tehnice. Aceste date sunt colectate \u015fi utilizate exclusiv \u00een scop statistic \u015fi \u00een scop de analiz\u0103, de ex. pentru \u00eembun\u0103t\u0103\u0163irea experientei dvs, pe site.<br \/>Anumite date de trafic (cum sunt adresele IP sau alt identificatori ai dispozitivelor cu care ne accesati site-ul) pot fi \u00een anumite circumstan\u021be date cu caracter personal \u0219i ca atare le vom trata ca atare.<\/p><p><strong>Stocarea \u015fi prelucrarea datelor cu caracter personale<\/strong><\/p><p>Datele pentru serviciul newsletter.<br \/>La \u00eenregistrarea pentru serviciul nostru newsletter datele Dvs. sunt utilizate de Funda\u0163ia \u201eHospice Emanuel\u201d \u00een scopuri promo\u0163ionale \u0219i de marketing. Utilizarea \u00eenceteaz\u0103 de \u00eendat\u0103 ce renun\u0163a\u0163i la serviciul newsletter. Pute\u0163i renun\u0163a oric\u00e2nd la serviciul newsletter prin dezabonare.<\/p><p>Datele contului de utilizator.<br \/>La inregistrarea ca utilizator pe site colectam: nume, prenume, sau pseudonimul dorit, email, fotografie, daca asociati un cont de pe o re\u021bea de socializare avem acces la adresa profilului dvs de pe respectiva re\u021bea de socializare. Pute\u021bi s\u0103 renun\u021ba\u021bi la contul dvs. Prin trimiterea unui email la adresa office@emanuelhospice.org.<\/p><p>Abonamente.<br \/>\u00cen vederea \u00eencheierii unui abonament se colecteaz\u0103 urmatoarele date: nume, prenume, v\u00e2rst\u0103, adres\u0103, nr telefon, adres\u0103 de email, fax \u0219i date bancare \u00een cazul \u00een care plata se face prin card.<br \/>Utilizarea de cookie-uri Cookie-urile sunt mici fi\u015fiere text care sunt salvate de browser-ul dvs. de internet \u015fi servesc pentru a face pagina noastr\u0103 de internet per total mai u\u015for de utilizat, mai eficient\u0103 \u015fi mai sigur\u0103. Cookie-urile nu cauzeaz\u0103 daune computerului dvs. \u015fi nu con\u0163in viru\u015fi. Pute\u0163i \u00eempiedica instalarea cookie-urilor printr-o setare corespunz\u0103toare a browser-ului dvs.<br \/>Pagina noastr\u0103 online con\u0163ine cookie-uri. Cookie-urile salveaz\u0103 \u00een special set\u0103rile alese de dvs. De asemenea cookie-urile sunt utilizate de noi \u00een scop statistic. V\u0103 atragem aten\u0163ia asupra faptului c\u0103 prin \u00eempiedicarea instal\u0103rii de cookie-uri se poate \u00eent\u00e2mpla s\u0103 nu pute\u0163i utiliza toate func\u0163iile paginii noastre de internet<\/p><p>Folosim cookie-uri pentru a personaliza con\u021binutul \u0219i anun\u021burile, pentru a oferi func\u021bii de re\u021bele sociale \u0219i pentru a analiza traficul. De asemenea, le oferim partenerilor de re\u021bele sociale, de publicitate \u0219i de analize informa\u021bii cu privire la modul \u00een care folosi\u021bi site-ul nostru. Ace\u0219tia le pot combina cu alte informa\u021bii oferite de dvs. sau culese \u00een urma folosirii serviciilor lor.<\/p><p>Pentru informa\u021bii sau solicit\u0103ri \u00een baza dreptului persoanelor vizate conform GDPR, v\u0103 puteti adresa Ofi\u021berului (Responsabilului) cu Protec\u021bia Datelor la adresa de e-mail office@emanuelhospice.org.<\/p><p>Pentru informatii despre coockie va rugam cititi : Politica Cookie<\/p><p>Refuzarea sau dezactivarea cookie-urilor nu \u00eenseamn\u0103 c\u0103 nu ve\u0163i mai primi publicitate online \u2013 ci doar c\u0103 aceast\u0103 nu va mai putea \u0163ine cont de preferin\u0163ele \u015fi interesele dvs, eviden\u0163iate prin comportamentul de navigare.<\/p><p><strong>Perioada de p\u0103strare a datelor personale<\/strong><\/p><p>Pentru a determina perioada pentru care datele personale vor fi prelucrate \u0219i p\u0103strate, lu\u0103m \u00een considerare durata contractual\u0103 p\u00e2n\u0103 la \u00eendeplinirea obliga\u021biilor contractuale respectiv a scopului \u0219i termenele de arhivare prev\u0103zute de dispozi\u021biile legale \u00een materie. Dac\u0103 dori\u021bi mai multe informa\u021bii despre c\u00e2t timp p\u0103str\u0103m datele dumneavoastr\u0103 cu caracter personal, v\u0103 rug\u0103m s\u0103 ne contacta\u021bi la adresa office@emanuelhospice.org.<\/p><p>\u00cen cazul \u00een care prelucr\u0103m datele dumneavoastr\u0103 cu caracter personal \u00een temeiul consim\u021b\u0103m\u00e2ntului dumneavoastr\u0103, aceste date cu caracter personal vor fi prelucrate numai pentru perioada prev\u0103zut\u0103 prin consim\u021b\u0103m\u00e2ntul dumneavoastr\u0103, cu excep\u021bia cazului \u00een care v\u0103 retrage\u021bi sau limita\u021bi consim\u021b\u0103m\u00e2ntul \u00eenainte de expirarea acestei perioade. \u00cen astfel de cazuri, vom \u00eenceta prelucrarea datelor cu caracter personal respective \u00een scopurile relevante, sub rezerva oric\u0103rei obliga\u021bii legale de a prelucra aceste date cu caracter personal \u0219i\/sau a nevoii noastre de a prelucra aceste date cu caracter personal \u00een scopul exercit\u0103rii drepturilor noastre legitime (inclusiv a drepturilor legitime ale altor persoane).<\/p><p><strong>Securitatea datelor<\/strong><\/p><p>Pagina noastr\u0103 de internet \u015fi celelalte sisteme informatice ale noastre sunt protejate prin m\u0103suri tehnice \u015fi organizatorice \u00eempotriva accesului, modific\u0103rii sau difuz\u0103rii datelor Dvs. de c\u0103tre persoane neautorizate precum \u015fi \u00eempotriva pierderii sau distrugerii datelor Dvs.<br \/>Este necesar s\u0103 trata\u0163i \u00een permanen\u0163\u0103 cu confiden\u0163ialitate datele Dvs. de acces \u015fi s\u0103 \u00eenchide\u0163i fereastra de browser c\u00e2nd termina\u0163i vizitarea paginii noastre de internet.<br \/>Pentru transferul de date cu caracter personal utiliz\u0103m proceduri tehnice de criptare. Pute\u0163i identifica transmiterea de date criptate (https) prin afi\u015farea unui simbol de \u00eenchidere, de ex. afi\u015farea unui simbol de cheie sau lac\u0103t \u00een bara de statut a browser-ului Dvs.<\/p><p><strong>\u00centrebari, Sugestii \u0219i Reclama\u021bii?<\/strong><\/p><p>Ave\u021bi \u00eentreb\u0103ri referitoare la protec\u021bia datelor, politica de utilizare cookie-uri sau la pagina noastr\u0103 de internet? Nicio problem\u0103, v\u0103 ajut\u0103m cu placere.<br \/>Email: office@emanuelhospice.org<\/p><\/div><\/div><\/div>\t\t\t\t\t\t<\/div>\n\t\t\t\t<\/div>\n\t\t\t\t\t<\/div>\n\t\t<\/div>\n\t\t\t\t\t<\/div>\n\t\t<\/section>\n\t\t\t\t<\/div>\n\t\t","protected":false},"excerpt":{"rendered":"","protected":false},"author":1,"featured_media":3246,"parent":0,"menu_order":0,"comment_status":"closed","ping_status":"closed","template":"elementor_header_footer","meta":{"footnotes":""},"class_list":["post-5178","page","type-page","status-publish","has-post-thumbnail","hentry"],"yoast_head":"<!-- This site is optimized with the Yoast SEO plugin v23.5 - https:\/\/yoast.com\/wordpress\/plugins\/seo\/ -->\n<title>Privacy policy - Emanuel Hospice<\/title>\n<meta name=\"robots\" content=\"index, follow, max-snippet:-1, max-image-preview:large, max-video-preview:-1\" \/>\n<link rel=\"canonical\" href=\"https:\/\/www.emanuelhospice.org\/en\/privacy-policy\/\" \/>\n<meta property=\"og:locale\" content=\"en_US\" \/>\n<meta property=\"og:type\" content=\"article\" \/>\n<meta property=\"og:title\" content=\"Privacy policy - Emanuel Hospice\" \/>\n<meta property=\"og:url\" content=\"https:\/\/www.emanuelhospice.org\/en\/privacy-policy\/\" \/>\n<meta property=\"og:site_name\" content=\"Emanuel Hospice\" \/>\n<meta property=\"article:modified_time\" content=\"2024-09-27T13:30:31+00:00\" \/>\n<meta property=\"og:image\" content=\"https:\/\/www.emanuelhospice.org\/wp-content\/uploads\/2023\/01\/hospice_emanuel_team.jpg\" \/>\n\t<meta property=\"og:image:width\" content=\"2048\" \/>\n\t<meta property=\"og:image:height\" content=\"1358\" \/>\n\t<meta property=\"og:image:type\" content=\"image\/jpeg\" \/>\n<meta name=\"twitter:card\" content=\"summary_large_image\" \/>\n<script type=\"application\/ld+json\" class=\"yoast-schema-graph\">{\"@context\":\"https:\/\/schema.org\",\"@graph\":[{\"@type\":\"WebPage\",\"@id\":\"https:\/\/www.emanuelhospice.org\/en\/privacy-policy\/\",\"url\":\"https:\/\/www.emanuelhospice.org\/en\/privacy-policy\/\",\"name\":\"Privacy policy - Emanuel Hospice\",\"isPartOf\":{\"@id\":\"https:\/\/www.emanuelhospice.org\/#website\"},\"primaryImageOfPage\":{\"@id\":\"https:\/\/www.emanuelhospice.org\/en\/privacy-policy\/#primaryimage\"},\"image\":{\"@id\":\"https:\/\/www.emanuelhospice.org\/en\/privacy-policy\/#primaryimage\"},\"thumbnailUrl\":\"https:\/\/www.emanuelhospice.org\/wp-content\/uploads\/2023\/01\/hospice_emanuel_team.jpg\",\"datePublished\":\"2023-01-20T12:35:36+00:00\",\"dateModified\":\"2024-09-27T13:30:31+00:00\",\"breadcrumb\":{\"@id\":\"https:\/\/www.emanuelhospice.org\/en\/privacy-policy\/#breadcrumb\"},\"inLanguage\":\"en-US\",\"potentialAction\":[{\"@type\":\"ReadAction\",\"target\":[\"https:\/\/www.emanuelhospice.org\/en\/privacy-policy\/\"]}]},{\"@type\":\"ImageObject\",\"inLanguage\":\"en-US\",\"@id\":\"https:\/\/www.emanuelhospice.org\/en\/privacy-policy\/#primaryimage\",\"url\":\"https:\/\/www.emanuelhospice.org\/wp-content\/uploads\/2023\/01\/hospice_emanuel_team.jpg\",\"contentUrl\":\"https:\/\/www.emanuelhospice.org\/wp-content\/uploads\/2023\/01\/hospice_emanuel_team.jpg\",\"width\":2048,\"height\":1358},{\"@type\":\"BreadcrumbList\",\"@id\":\"https:\/\/www.emanuelhospice.org\/en\/privacy-policy\/#breadcrumb\",\"itemListElement\":[{\"@type\":\"ListItem\",\"position\":1,\"name\":\"Home\",\"item\":\"https:\/\/www.emanuelhospice.org\/en\/\"},{\"@type\":\"ListItem\",\"position\":2,\"name\":\"Privacy policy\"}]},{\"@type\":\"WebSite\",\"@id\":\"https:\/\/www.emanuelhospice.org\/#website\",\"url\":\"https:\/\/www.emanuelhospice.org\/\",\"name\":\"Emanuel Hospice\",\"description\":\"\",\"publisher\":{\"@id\":\"https:\/\/www.emanuelhospice.org\/#organization\"},\"potentialAction\":[{\"@type\":\"SearchAction\",\"target\":{\"@type\":\"EntryPoint\",\"urlTemplate\":\"https:\/\/www.emanuelhospice.org\/?s={search_term_string}\"},\"query-input\":{\"@type\":\"PropertyValueSpecification\",\"valueRequired\":true,\"valueName\":\"search_term_string\"}}],\"inLanguage\":\"en-US\"},{\"@type\":\"Organization\",\"@id\":\"https:\/\/www.emanuelhospice.org\/#organization\",\"name\":\"Emanuel Hospice\",\"url\":\"https:\/\/www.emanuelhospice.org\/\",\"logo\":{\"@type\":\"ImageObject\",\"inLanguage\":\"en-US\",\"@id\":\"https:\/\/www.emanuelhospice.org\/#\/schema\/logo\/image\/\",\"url\":\"https:\/\/www.emanuelhospice.org\/wp-content\/uploads\/2021\/06\/cropped-Hospice-logo.png\",\"contentUrl\":\"https:\/\/www.emanuelhospice.org\/wp-content\/uploads\/2021\/06\/cropped-Hospice-logo.png\",\"width\":160,\"height\":53,\"caption\":\"Emanuel Hospice\"},\"image\":{\"@id\":\"https:\/\/www.emanuelhospice.org\/#\/schema\/logo\/image\/\"}}]}<\/script>\n<!-- \/ Yoast SEO plugin. -->","yoast_head_json":{"title":"Privacy policy - Emanuel Hospice","robots":{"index":"index","follow":"follow","max-snippet":"max-snippet:-1","max-image-preview":"max-image-preview:large","max-video-preview":"max-video-preview:-1"},"canonical":"https:\/\/www.emanuelhospice.org\/en\/privacy-policy\/","og_locale":"en_US","og_type":"article","og_title":"Privacy policy - Emanuel Hospice","og_url":"https:\/\/www.emanuelhospice.org\/en\/privacy-policy\/","og_site_name":"Emanuel Hospice","article_modified_time":"2024-09-27T13:30:31+00:00","og_image":[{"width":2048,"height":1358,"url":"https:\/\/www.emanuelhospice.org\/wp-content\/uploads\/2023\/01\/hospice_emanuel_team.jpg","type":"image\/jpeg"}],"twitter_card":"summary_large_image","schema":{"@context":"https:\/\/schema.org","@graph":[{"@type":"WebPage","@id":"https:\/\/www.emanuelhospice.org\/en\/privacy-policy\/","url":"https:\/\/www.emanuelhospice.org\/en\/privacy-policy\/","name":"Privacy policy - Emanuel Hospice","isPartOf":{"@id":"https:\/\/www.emanuelhospice.org\/#website"},"primaryImageOfPage":{"@id":"https:\/\/www.emanuelhospice.org\/en\/privacy-policy\/#primaryimage"},"image":{"@id":"https:\/\/www.emanuelhospice.org\/en\/privacy-policy\/#primaryimage"},"thumbnailUrl":"https:\/\/www.emanuelhospice.org\/wp-content\/uploads\/2023\/01\/hospice_emanuel_team.jpg","datePublished":"2023-01-20T12:35:36+00:00","dateModified":"2024-09-27T13:30:31+00:00","breadcrumb":{"@id":"https:\/\/www.emanuelhospice.org\/en\/privacy-policy\/#breadcrumb"},"inLanguage":"en-US","potentialAction":[{"@type":"ReadAction","target":["https:\/\/www.emanuelhospice.org\/en\/privacy-policy\/"]}]},{"@type":"ImageObject","inLanguage":"en-US","@id":"https:\/\/www.emanuelhospice.org\/en\/privacy-policy\/#primaryimage","url":"https:\/\/www.emanuelhospice.org\/wp-content\/uploads\/2023\/01\/hospice_emanuel_team.jpg","contentUrl":"https:\/\/www.emanuelhospice.org\/wp-content\/uploads\/2023\/01\/hospice_emanuel_team.jpg","width":2048,"height":1358},{"@type":"BreadcrumbList","@id":"https:\/\/www.emanuelhospice.org\/en\/privacy-policy\/#breadcrumb","itemListElement":[{"@type":"ListItem","position":1,"name":"Home","item":"https:\/\/www.emanuelhospice.org\/en\/"},{"@type":"ListItem","position":2,"name":"Privacy policy"}]},{"@type":"WebSite","@id":"https:\/\/www.emanuelhospice.org\/#website","url":"https:\/\/www.emanuelhospice.org\/","name":"Emanuel Hospice","description":"","publisher":{"@id":"https:\/\/www.emanuelhospice.org\/#organization"},"potentialAction":[{"@type":"SearchAction","target":{"@type":"EntryPoint","urlTemplate":"https:\/\/www.emanuelhospice.org\/?s={search_term_string}"},"query-input":{"@type":"PropertyValueSpecification","valueRequired":true,"valueName":"search_term_string"}}],"inLanguage":"en-US"},{"@type":"Organization","@id":"https:\/\/www.emanuelhospice.org\/#organization","name":"Emanuel Hospice","url":"https:\/\/www.emanuelhospice.org\/","logo":{"@type":"ImageObject","inLanguage":"en-US","@id":"https:\/\/www.emanuelhospice.org\/#\/schema\/logo\/image\/","url":"https:\/\/www.emanuelhospice.org\/wp-content\/uploads\/2021\/06\/cropped-Hospice-logo.png","contentUrl":"https:\/\/www.emanuelhospice.org\/wp-content\/uploads\/2021\/06\/cropped-Hospice-logo.png","width":160,"height":53,"caption":"Emanuel Hospice"},"image":{"@id":"https:\/\/www.emanuelhospice.org\/#\/schema\/logo\/image\/"}}]}},"_links":{"self":[{"href":"https:\/\/www.emanuelhospice.org\/en\/wp-json\/wp\/v2\/pages\/5178","targetHints":{"allow":["GET"]}}],"collection":[{"href":"https:\/\/www.emanuelhospice.org\/en\/wp-json\/wp\/v2\/pages"}],"about":[{"href":"https:\/\/www.emanuelhospice.org\/en\/wp-json\/wp\/v2\/types\/page"}],"author":[{"embeddable":true,"href":"https:\/\/www.emanuelhospice.org\/en\/wp-json\/wp\/v2\/users\/1"}],"replies":[{"embeddable":true,"href":"https:\/\/www.emanuelhospice.org\/en\/wp-json\/wp\/v2\/comments?post=5178"}],"version-history":[{"count":1,"href":"https:\/\/www.emanuelhospice.org\/en\/wp-json\/wp\/v2\/pages\/5178\/revisions"}],"predecessor-version":[{"id":5179,"href":"https:\/\/www.emanuelhospice.org\/en\/wp-json\/wp\/v2\/pages\/5178\/revisions\/5179"}],"wp:featuredmedia":[{"embeddable":true,"href":"https:\/\/www.emanuelhospice.org\/en\/wp-json\/wp\/v2\/media\/3246"}],"wp:attachment":[{"href":"https:\/\/www.emanuelhospice.org\/en\/wp-json\/wp\/v2\/media?parent=5178"}],"curies":[{"name":"wp","href":"https:\/\/api.w.org\/{rel}","templated":true}]}}